{"id":3370,"date":"2014-08-24T17:14:26","date_gmt":"2014-08-24T15:14:26","guid":{"rendered":"https:\/\/descombesfreres.ch\/?page_id=3370"},"modified":"2020-12-03T22:26:01","modified_gmt":"2020-12-03T21:26:01","slug":"about","status":"publish","type":"page","link":"https:\/\/descombesfreres.ch\/de\/about\/","title":{"rendered":"Geschichte"},"content":{"rendered":"<div id='av_section_1'  class='avia-section av-1qa9k-72005bd6019a757c5d63dfa53f440850 main_color avia-section-default avia-no-border-styling  avia-builder-el-0  el_before_av_two_third  avia-builder-el-first  avia-bg-style-scroll container_wrap sidebar_right'  ><div class='container av-section-cont-open' ><main  role=\"main\" itemprop=\"mainContentOfPage\"  class='template-page content  av-content-small alpha units'><div class='post-entry post-entry-type-page post-entry-3370'><div class='entry-content-wrapper clearfix'>\n\n<style type=\"text\/css\" data-created_by=\"avia_inline_auto\" id=\"style-css-av-ki9cgnfr-7268a109c25d3e5f4673876056b63397\">\n#top .av-special-heading.av-ki9cgnfr-7268a109c25d3e5f4673876056b63397{\npadding-bottom:0;\nfont-size:30px;\n}\nbody .av-special-heading.av-ki9cgnfr-7268a109c25d3e5f4673876056b63397 .av-special-heading-tag .heading-char{\nfont-size:25px;\n}\n#top #wrap_all .av-special-heading.av-ki9cgnfr-7268a109c25d3e5f4673876056b63397 .av-special-heading-tag{\nfont-size:30px;\n}\n.av-special-heading.av-ki9cgnfr-7268a109c25d3e5f4673876056b63397 .av-subheading{\nfont-size:15px;\n}\n\n@media only screen and (min-width: 480px) and (max-width: 767px){ \n#top #wrap_all .av-special-heading.av-ki9cgnfr-7268a109c25d3e5f4673876056b63397 .av-special-heading-tag{\nfont-size:0.8em;\n}\n}\n\n@media only screen and (max-width: 479px){ \n#top #wrap_all .av-special-heading.av-ki9cgnfr-7268a109c25d3e5f4673876056b63397 .av-special-heading-tag{\nfont-size:0.8em;\n}\n}\n<\/style>\n<div  class='av-special-heading av-ki9cgnfr-7268a109c25d3e5f4673876056b63397 av-special-heading-h2 blockquote elegant-quote elegant-centered  avia-builder-el-1  avia-builder-el-no-sibling  av-inherit-size'><h2 class='av-special-heading-tag'  itemprop=\"headline\"  ><span class=\"heading-wrap\"> Descombes Fr\u00e8res &#8211; Eine Familiengeschichte<\/span><\/h2><div class=\"special-heading-border\"><div class=\"special-heading-inner-border\"><\/div><\/div><\/div>\n<\/div><\/div><\/main><!-- close content main element --><\/div><\/div><div id='after_section_1'  class='main_color av_default_container_wrap container_wrap sidebar_right'  ><div class='container av-section-cont-open' ><div class='template-page content  av-content-small alpha units'><div class='post-entry post-entry-type-page post-entry-3370'><div class='entry-content-wrapper clearfix'>\n<style type=\"text\/css\" data-created_by=\"avia_inline_auto\" id=\"style-css-av-4xajk-be0a4d85293bac3082aa9ae8ba9eadd9\">\n.flex_column.av-4xajk-be0a4d85293bac3082aa9ae8ba9eadd9{\n-webkit-border-radius:0px 0px 0px 0px;\n-moz-border-radius:0px 0px 0px 0px;\nborder-radius:0px 0px 0px 0px;\npadding:0px 0px 0px 0px;\n}\n<\/style>\n<div class='flex_column av-4xajk-be0a4d85293bac3082aa9ae8ba9eadd9 av_two_third  avia-builder-el-2  el_after_av_section  el_before_av_one_third  avia-builder-el-first  first flex_column_div av-zero-column-padding '     ><section  class='av_textblock_section av-48zxg-8968f356effc65e3a605fe40f8609294'  itemscope=\"itemscope\" itemtype=\"https:\/\/schema.org\/CreativeWork\" ><div class='avia_textblock'  itemprop=\"text\" ><p>Seit \u00fcber 90 Jahren ist die Familie Descombes im Weinberg von Cressier t\u00e4tig. Im Jahre 1927 verlassen Numa und Marie Descombes den Bauernhof von Bellevue und nehmen mit ihren 6 Kindern Wohnsitz in Cressier. Numa wird als Akkordarbeiter im Weingut des Spitals Pourtal\u00e8s angestellt und arbeitet dort als Winzer mit der Hilfe seiner S\u00f6hne, von denen der j\u00fcngste 13 Jahre alt ist.<\/p>\n<p><strong>1931: <\/strong>Nach dem Tod ihres Vaters arbeiten die drei S\u00f6hne Edouard, Pierre und Ren\u00e9 weiterhin im Weingut des Pourtal\u00e8s-Spitals und halten diesem Arbeitgeber \u00fcber 50 Jahre die Treue. Der vierte Bruder, Francis, verl\u00e4sst seinen Arbeitsplatz und zieht in den Kanton Thurgau. Nach einem Unfall kehrt er nach Cressier zur\u00fcck und \u00fcbernimmt als Winzer die Verantwortung f\u00fcr das Weingut Grisoni.<\/p>\n<p><strong>1978: <\/strong>Im Zuge einer G\u00fcterzusammenlegung kaufen Jean- Luc und Michel, die S\u00f6hne von Ren\u00e9, von ihrem Onkel Edouard die Rebfl\u00e4chen zur\u00fcck, welche den Grundstock eines kleinen Weinguts bilden, das in der Folge vergr\u00f6ssert und erg\u00e4nzt wird.<\/p>\n<p><strong>1991: <\/strong>Das Elternhaus wird vollst\u00e4ndig renoviert und mit einem Weinkeller ausgestattet, der den neuesten Anforderungen und Normen entspricht. Unter der Mitarbeit des Kellermeisters Claude Leuba erblickt die Weinkellerei Descombes das Licht der Welt.<\/p>\n<p><strong>2021: <\/strong>Eine bedeutende und weite Wegstrecke haben wir in diesen 30 Jahren durchschritten! Und wenn uns die Leidenschaft f\u00fcr diese anspruchsvolle und doch so dankbare Aufgabe wie in den ersten Tagen befeuert, verdanken wir dies Ihnen, unsern treuen Kundinnen und Kunden. Danke, dass Ihr uns auf diesem Erfolgsweg begleitet. Wir freuen uns, Euch bald in unsern Gew\u00f6lben wieder zu sehen und auf eine weiterhin erfolgreiche Zukunft anzustossen\u2026<\/p>\n<p>\u2026denn man sagt sich nie zu oft: \u201eZUM WOHL!\u201c<\/p>\n<\/div><\/section><\/div>\n<style type=\"text\/css\" data-created_by=\"avia_inline_auto\" id=\"style-css-av-uf74-db64dc47ea1793f8ad308f0249aab97d\">\n.flex_column.av-uf74-db64dc47ea1793f8ad308f0249aab97d{\n-webkit-border-radius:0px 0px 0px 0px;\n-moz-border-radius:0px 0px 0px 0px;\nborder-radius:0px 0px 0px 0px;\npadding:0px 0px 0px 0px;\n}\n<\/style>\n<div class='flex_column av-uf74-db64dc47ea1793f8ad308f0249aab97d av_one_third  avia-builder-el-4  el_after_av_two_third  avia-builder-el-last  flex_column_div av-zero-column-padding '     ><style type=\"text\/css\" data-created_by=\"avia_inline_auto\" id=\"style-css-av-khq2eys1-102f523f7489b4f89186cdf136dc90ae\">\n.avia-image-container.av-khq2eys1-102f523f7489b4f89186cdf136dc90ae img.avia_image{\nbox-shadow:none;\n}\n.avia-image-container.av-khq2eys1-102f523f7489b4f89186cdf136dc90ae .av-image-caption-overlay-center{\ncolor:#ffffff;\n}\n<\/style>\n<div  class='avia-image-container av-khq2eys1-102f523f7489b4f89186cdf136dc90ae av-styling- av-hover-grow av-hide-overflow avia-align-center  avia-builder-el-5  avia-builder-el-no-sibling '   itemprop=\"image\" itemscope=\"itemscope\" itemtype=\"https:\/\/schema.org\/ImageObject\" ><div class=\"avia-image-container-inner\"><div class=\"avia-image-overlay-wrap\"><img decoding=\"async\" class='wp-image-3364 avia-img-lazy-loading-not-3364 avia_image ' src=\"https:\/\/descombesfreres.ch\/wp-content\/uploads\/2020\/11\/WhatsApp-Image-2020-11-15-at-11.26.13-300x300.jpeg\" alt='' title='WhatsApp Image 2020-11-15 at 11.26.13'  height=\"300\" width=\"300\"  itemprop=\"thumbnailUrl\" srcset=\"https:\/\/descombesfreres.ch\/wp-content\/uploads\/2020\/11\/WhatsApp-Image-2020-11-15-at-11.26.13-300x300.jpeg 300w, https:\/\/descombesfreres.ch\/wp-content\/uploads\/2020\/11\/WhatsApp-Image-2020-11-15-at-11.26.13-1030x1030.jpeg 1030w, https:\/\/descombesfreres.ch\/wp-content\/uploads\/2020\/11\/WhatsApp-Image-2020-11-15-at-11.26.13-80x80.jpeg 80w, https:\/\/descombesfreres.ch\/wp-content\/uploads\/2020\/11\/WhatsApp-Image-2020-11-15-at-11.26.13-768x768.jpeg 768w, https:\/\/descombesfreres.ch\/wp-content\/uploads\/2020\/11\/WhatsApp-Image-2020-11-15-at-11.26.13-36x36.jpeg 36w, https:\/\/descombesfreres.ch\/wp-content\/uploads\/2020\/11\/WhatsApp-Image-2020-11-15-at-11.26.13-180x180.jpeg 180w, https:\/\/descombesfreres.ch\/wp-content\/uploads\/2020\/11\/WhatsApp-Image-2020-11-15-at-11.26.13-705x705.jpeg 705w, https:\/\/descombesfreres.ch\/wp-content\/uploads\/2020\/11\/WhatsApp-Image-2020-11-15-at-11.26.13.jpeg 1440w\" sizes=\"(max-width: 300px) 100vw, 300px\" \/><\/div><\/div><\/div><\/div><\/p>\n","protected":false},"excerpt":{"rendered":"","protected":false},"author":1,"featured_media":0,"parent":0,"menu_order":0,"comment_status":"open","ping_status":"closed","template":"","meta":{"footnotes":""},"class_list":["post-3370","page","type-page","status-publish","hentry"],"yoast_head":"<!-- This site is optimized with the Yoast SEO plugin v25.2 - https:\/\/yoast.com\/wordpress\/plugins\/seo\/ -->\n<title>Geschichte - Descombes Fr\u00e8res<\/title>\n<meta name=\"robots\" content=\"index, follow, max-snippet:-1, max-image-preview:large, max-video-preview:-1\" \/>\n<link rel=\"canonical\" href=\"https:\/\/descombesfreres.ch\/de\/about\/\" \/>\n<meta property=\"og:locale\" content=\"de_DE\" \/>\n<meta property=\"og:type\" content=\"article\" \/>\n<meta property=\"og:title\" content=\"Geschichte - Descombes Fr\u00e8res\" \/>\n<meta property=\"og:url\" content=\"https:\/\/descombesfreres.ch\/de\/about\/\" \/>\n<meta property=\"og:site_name\" content=\"Descombes Fr\u00e8res\" \/>\n<meta property=\"article:modified_time\" content=\"2020-12-03T21:26:01+00:00\" \/>\n<meta name=\"twitter:card\" content=\"summary_large_image\" \/>\n<meta name=\"twitter:label1\" content=\"Gesch\u00e4tzte Lesezeit\" \/>\n\t<meta name=\"twitter:data1\" content=\"4\u00a0Minuten\" \/>\n<script type=\"application\/ld+json\" class=\"yoast-schema-graph\">{\"@context\":\"https:\/\/schema.org\",\"@graph\":[{\"@type\":\"WebPage\",\"@id\":\"https:\/\/descombesfreres.ch\/de\/about\/\",\"url\":\"https:\/\/descombesfreres.ch\/de\/about\/\",\"name\":\"Geschichte - Descombes Fr\u00e8res\",\"isPartOf\":{\"@id\":\"https:\/\/descombesfreres.ch\/#website\"},\"datePublished\":\"2014-08-24T15:14:26+00:00\",\"dateModified\":\"2020-12-03T21:26:01+00:00\",\"breadcrumb\":{\"@id\":\"https:\/\/descombesfreres.ch\/de\/about\/#breadcrumb\"},\"inLanguage\":\"de\",\"potentialAction\":[{\"@type\":\"ReadAction\",\"target\":[\"https:\/\/descombesfreres.ch\/de\/about\/\"]}]},{\"@type\":\"BreadcrumbList\",\"@id\":\"https:\/\/descombesfreres.ch\/de\/about\/#breadcrumb\",\"itemListElement\":[{\"@type\":\"ListItem\",\"position\":1,\"name\":\"Accueil\",\"item\":\"https:\/\/descombesfreres.ch\/\"},{\"@type\":\"ListItem\",\"position\":2,\"name\":\"Geschichte\"}]},{\"@type\":\"WebSite\",\"@id\":\"https:\/\/descombesfreres.ch\/#website\",\"url\":\"https:\/\/descombesfreres.ch\/\",\"name\":\"Descombes Fr\u00e8res\",\"description\":\"A votre bonne sant\u00e9 !\",\"potentialAction\":[{\"@type\":\"SearchAction\",\"target\":{\"@type\":\"EntryPoint\",\"urlTemplate\":\"https:\/\/descombesfreres.ch\/?s={search_term_string}\"},\"query-input\":{\"@type\":\"PropertyValueSpecification\",\"valueRequired\":true,\"valueName\":\"search_term_string\"}}],\"inLanguage\":\"de\"}]}<\/script>\n<!-- \/ Yoast SEO plugin. -->","yoast_head_json":{"title":"Geschichte - Descombes Fr\u00e8res","robots":{"index":"index","follow":"follow","max-snippet":"max-snippet:-1","max-image-preview":"max-image-preview:large","max-video-preview":"max-video-preview:-1"},"canonical":"https:\/\/descombesfreres.ch\/de\/about\/","og_locale":"de_DE","og_type":"article","og_title":"Geschichte - Descombes Fr\u00e8res","og_url":"https:\/\/descombesfreres.ch\/de\/about\/","og_site_name":"Descombes Fr\u00e8res","article_modified_time":"2020-12-03T21:26:01+00:00","twitter_card":"summary_large_image","twitter_misc":{"Gesch\u00e4tzte Lesezeit":"4\u00a0Minuten"},"schema":{"@context":"https:\/\/schema.org","@graph":[{"@type":"WebPage","@id":"https:\/\/descombesfreres.ch\/de\/about\/","url":"https:\/\/descombesfreres.ch\/de\/about\/","name":"Geschichte - Descombes Fr\u00e8res","isPartOf":{"@id":"https:\/\/descombesfreres.ch\/#website"},"datePublished":"2014-08-24T15:14:26+00:00","dateModified":"2020-12-03T21:26:01+00:00","breadcrumb":{"@id":"https:\/\/descombesfreres.ch\/de\/about\/#breadcrumb"},"inLanguage":"de","potentialAction":[{"@type":"ReadAction","target":["https:\/\/descombesfreres.ch\/de\/about\/"]}]},{"@type":"BreadcrumbList","@id":"https:\/\/descombesfreres.ch\/de\/about\/#breadcrumb","itemListElement":[{"@type":"ListItem","position":1,"name":"Accueil","item":"https:\/\/descombesfreres.ch\/"},{"@type":"ListItem","position":2,"name":"Geschichte"}]},{"@type":"WebSite","@id":"https:\/\/descombesfreres.ch\/#website","url":"https:\/\/descombesfreres.ch\/","name":"Descombes Fr\u00e8res","description":"A votre bonne sant\u00e9 !","potentialAction":[{"@type":"SearchAction","target":{"@type":"EntryPoint","urlTemplate":"https:\/\/descombesfreres.ch\/?s={search_term_string}"},"query-input":{"@type":"PropertyValueSpecification","valueRequired":true,"valueName":"search_term_string"}}],"inLanguage":"de"}]}},"_links":{"self":[{"href":"https:\/\/descombesfreres.ch\/de\/wp-json\/wp\/v2\/pages\/3370","targetHints":{"allow":["GET"]}}],"collection":[{"href":"https:\/\/descombesfreres.ch\/de\/wp-json\/wp\/v2\/pages"}],"about":[{"href":"https:\/\/descombesfreres.ch\/de\/wp-json\/wp\/v2\/types\/page"}],"author":[{"embeddable":true,"href":"https:\/\/descombesfreres.ch\/de\/wp-json\/wp\/v2\/users\/1"}],"replies":[{"embeddable":true,"href":"https:\/\/descombesfreres.ch\/de\/wp-json\/wp\/v2\/comments?post=3370"}],"version-history":[{"count":4,"href":"https:\/\/descombesfreres.ch\/de\/wp-json\/wp\/v2\/pages\/3370\/revisions"}],"predecessor-version":[{"id":3374,"href":"https:\/\/descombesfreres.ch\/de\/wp-json\/wp\/v2\/pages\/3370\/revisions\/3374"}],"wp:attachment":[{"href":"https:\/\/descombesfreres.ch\/de\/wp-json\/wp\/v2\/media?parent=3370"}],"curies":[{"name":"wp","href":"https:\/\/api.w.org\/{rel}","templated":true}]}}